{"id":210,"date":"2012-10-01T22:59:28","date_gmt":"2012-10-01T22:59:28","guid":{"rendered":"http:\/\/www.funnyprops.com\/?page_id=210"},"modified":"2016-05-20T06:38:26","modified_gmt":"2016-05-20T06:38:26","slug":"contacto","status":"publish","type":"page","link":"http:\/\/www.funnyprops.com\/?page_id=210","title":{"rendered":"Contacto"},"content":{"rendered":"<div style=\"width: 80%; margin: 0 auto;\"><div class=\"frm_forms  with_frm_style frm_style_formidable-style\" id=\"frm_form_6_container\" >\n<form enctype=\"multipart\/form-data\" method=\"post\" class=\"frm-show-form \" id=\"form_fafy9e\" >\n<div class=\"frm_form_fields \">\n<fieldset>\n\r\n<div class=\"frm_fields_container\">\n<input type=\"hidden\" name=\"frm_action\" value=\"create\" \/>\n<input type=\"hidden\" name=\"form_id\" value=\"6\" \/>\n<input type=\"hidden\" name=\"frm_hide_fields_6\" id=\"frm_hide_fields_6\" value=\"\" \/>\n<input type=\"hidden\" name=\"form_key\" value=\"fafy9e\" \/>\n<input type=\"hidden\" name=\"item_meta[0]\" value=\"\" \/>\n<input type=\"hidden\" id=\"frm_submit_entry_6\" name=\"frm_submit_entry_6\" value=\"6f8ccd627d\" \/><input type=\"hidden\" name=\"_wp_http_referer\" value=\"\/index.php?rest_route=%2Fwp%2Fv2%2Fpages%2F210\" \/><div id=\"frm_field_83_container\" class=\"frm_form_field form-field  frm_required_field frm_top_container frm_left_half\">\r\n    <label class=\"frm_primary_label\">Nombre\r\n        <span class=\"frm_required\">*<\/span>\r\n    <\/label>\r\n    <input type=\"text\" id=\"field_kksycv\" name=\"item_meta[83]\" value=\"\"  data-reqmsg=\"Nombre cannot be blank\" aria-required=\"true\" data-invmsg=\"Nombre no es v\u00e1lido\" aria-invalid=\"false\"  \/>\r\n    \r\n    \r\n<\/div>\n<div id=\"frm_field_85_container\" class=\"frm_form_field form-field  frm_required_field frm_top_container frm_full\">\r\n    <label class=\"frm_primary_label\">Email\r\n        <span class=\"frm_required\">*<\/span>\r\n    <\/label>\r\n    <input type=\"email\" id=\"field_s5jvss\" name=\"item_meta[85]\" value=\"\"  data-reqmsg=\"Email cannot be blank\" aria-required=\"true\" data-invmsg=\"Please enter a valid email address\" aria-invalid=\"false\"  \/>\r\n    \r\n    \r\n<\/div>\n<div id=\"frm_field_87_container\" class=\"frm_form_field form-field  frm_required_field frm_top_container frm_full\">\r\n    <label class=\"frm_primary_label\">Asunto\r\n        <span class=\"frm_required\">*<\/span>\r\n    <\/label>\r\n    <input type=\"text\" id=\"field_a300f2\" name=\"item_meta[87]\" value=\"\"  data-reqmsg=\"Asunto cannot be blank\" aria-required=\"true\" data-invmsg=\"Asunto no es v\u00e1lido\" aria-invalid=\"false\"  \/>\r\n    \r\n    \r\n<\/div>\n<div id=\"frm_field_88_container\" class=\"frm_form_field form-field  frm_required_field frm_top_container frm_full\">\r\n    <label class=\"frm_primary_label\">Mensaje\r\n        <span class=\"frm_required\">*<\/span>\r\n    <\/label>\r\n    <textarea name=\"item_meta[88]\" id=\"field_ctvrth\" rows=\"5\"  data-reqmsg=\"Mensaje cannot be blank\" aria-required=\"true\" data-invmsg=\"Mensaje no es v\u00e1lido\" aria-invalid=\"false\"  ><\/textarea>\r\n    \r\n    \r\n<\/div>\n<div id=\"frm_field_89_container\" class=\"frm_form_field form-field  frm_none_container\">\r\n    <label class=\"frm_primary_label\">C\u00f3digo de seguridad:\r\n        <span class=\"frm_required\"><\/span>\r\n    <\/label>\r\n    <div  id=\"field_fea9x8\" class=\"frm-g-recaptcha\" data-sitekey=\"6LcJMNcSAAAAAITXfVyr18RRhtlf_SDbBxtDtJDn \" data-size=\"normal\" data-theme=\"light\"><\/div>\r\n    \r\n    \r\n<\/div>\n\t<input type=\"hidden\" name=\"item_key\" value=\"\" \/>\n\t\t\t<div id=\"frm_field_177_container\">\n\t\t\t<label for=\"field_km9nt\" >\n\t\t\t\tSi eres humano, deja este campo en blanco.\t\t\t<\/label>\n\t\t\t<input  id=\"field_km9nt\" type=\"text\" class=\"frm_form_field form-field frm_verify\" name=\"item_meta[177]\" value=\"\"  \/>\n\t\t<\/div>\n\t\t<input name=\"frm_state\" type=\"hidden\" value=\"MQ9tNWuoKa8vEr8IAaR3o9L+HCKOSrOMGV5uJx5dbuE=\" \/><div class=\"frm_submit\">\n\n<button class=\"frm_button_submit\" type=\"submit\"  >Enviar<\/button>\n\n<\/div><\/div>\n<\/fieldset>\n<\/div>\n\n<\/form>\n<\/div>\n<\/div>\n<div style=\"width: 80%; margin: 0 auto;\"><\/div>\n<div style=\"width: 80%; margin: 0px auto; text-align: right;\">Para cotizaciones personalizadas haz <a style=\"text-decoration: underline;\" href=\"http:\/\/www.funnyprops.com\/?page_id=281\">click aqu\u00ed<\/a><\/div>\n<div style=\"width: 80%; margin: 0px auto; text-align: right;\"><span style=\"color: #ffff99;\">Correo: <span style=\"text-decoration: underline;\">info@Funnyprops.com<\/span><\/span><\/div>\n<div style=\"width: 80%; margin: 0px auto; text-align: right;\"><span style=\"color: #ffff99;\">Tel. (+52) 998-267-9912<\/span><\/div>\n<div style=\"width: 80%; margin: 0px auto; text-align: right;\"><span style=\"color: #ffff99;\">Cel. (+52) 998-241-0757<\/span><\/div>\n<div style=\"width: 80%; margin: 0px auto; text-align: right;\"><span style=\"color: #ffff99;\">CDmx, M\u00e9x.<\/span><\/div>\n<div style=\"width: 80%; margin: 0px auto; text-align: right;\"><span style=\"color: #ffff99;\">Canc\u00fan, M\u00e9x.<\/span><\/div>\n","protected":false},"excerpt":{"rendered":"<p>Para cotizaciones personalizadas haz click aqu\u00ed Correo: info@Funnyprops.com Tel. (+52) 998-267-9912 Cel. (+52) 998-241-0757 CDmx, M\u00e9x. Canc\u00fan, M\u00e9x.<\/p>\n","protected":false},"author":1,"featured_media":0,"parent":0,"menu_order":0,"comment_status":"closed","ping_status":"closed","template":"","meta":{"footnotes":""},"class_list":["post-210","page","type-page","status-publish","hentry"],"_links":{"self":[{"href":"http:\/\/www.funnyprops.com\/index.php?rest_route=\/wp\/v2\/pages\/210","targetHints":{"allow":["GET"]}}],"collection":[{"href":"http:\/\/www.funnyprops.com\/index.php?rest_route=\/wp\/v2\/pages"}],"about":[{"href":"http:\/\/www.funnyprops.com\/index.php?rest_route=\/wp\/v2\/types\/page"}],"author":[{"embeddable":true,"href":"http:\/\/www.funnyprops.com\/index.php?rest_route=\/wp\/v2\/users\/1"}],"replies":[{"embeddable":true,"href":"http:\/\/www.funnyprops.com\/index.php?rest_route=%2Fwp%2Fv2%2Fcomments&post=210"}],"version-history":[{"count":10,"href":"http:\/\/www.funnyprops.com\/index.php?rest_route=\/wp\/v2\/pages\/210\/revisions"}],"predecessor-version":[{"id":1578,"href":"http:\/\/www.funnyprops.com\/index.php?rest_route=\/wp\/v2\/pages\/210\/revisions\/1578"}],"wp:attachment":[{"href":"http:\/\/www.funnyprops.com\/index.php?rest_route=%2Fwp%2Fv2%2Fmedia&parent=210"}],"curies":[{"name":"wp","href":"https:\/\/api.w.org\/{rel}","templated":true}]}}